{"id":17,"date":"2014-11-05T17:00:35","date_gmt":"2014-11-05T16:00:35","guid":{"rendered":"https:\/\/www.jeannebarret.fr\/?page_id=17"},"modified":"2020-03-14T12:25:11","modified_gmt":"2020-03-14T11:25:11","slug":"mentions-legales","status":"publish","type":"page","link":"https:\/\/www.jeannebarret.fr\/?page_id=17","title":{"rendered":"Mentions l\u00e9gales"},"content":{"rendered":"<p>Le site https:\/\/www.jeannebarret.fr est \u00e9dit\u00e9s par :<\/p>\n<p style=\"text-align: center;\">Pacaud Gilles<br \/>\n7-9 chemin Jeanne Barret<br \/>\n71400 Autun (France)<\/p>\n<p>Gilles Pacaud est conservateur en chef honoraire des mus\u00e9es d\u2019histoire naturelle et des mus\u00e9es des \u00e9tablissements d\u2019enseignement sup\u00e9rieur.<br \/>\nLe site https:\/\/www.jeannebarret.fr sont h\u00e9berg\u00e9s par SAS OVH, 2 rue Kellermann &#8211; 59100 Roubaix &#8211; France.<\/p>\n<p>Ce site respecte le droit d&rsquo;auteur. Tous les droits des auteurs des \u0152uvres prot\u00e9g\u00e9es reproduites et communiqu\u00e9es sont r\u00e9serv\u00e9s. Sauf autorisation, toute utilisation autres que la reproduction et la consultation individuelles et priv\u00e9es sont interdites.<\/p>\n<p>Pacaud Gilles consent \u00e0 l\u00a0\u00bbutilisateur le droit de consultation desdits sites pour son usage strictement personnel et priv\u00e9. Toute reproduction, rediffusion ou commercialisation totale ou partielle du contenu est interdite.<\/p>\n<p><strong>\u00a0Traitement des donn\u00e9es personnelles : les engagements<\/strong><\/p>\n<p>Vous trouverez ci-dessous les termes de notre engagement concernant le traitement des donn\u00e9es personnelles. Ils ont pour but de vous informer sur la mani\u00e8re dont nous utilisons ces donn\u00e9es et vous indique la fa\u00e7on de proc\u00e9der si vous souhaitez y apporter une modification ou refuser que vos coordonn\u00e9es soient transmises \u00e0 des tiers.<\/p>\n<p><em><strong>1- Nature des donn\u00e9es personnelles recueillies<\/strong><\/em><br \/>\nLes informations que nous sommes amen\u00e9es \u00e0 recueillir proviennent :<br \/>\n&#8211; Soit de l&rsquo;enregistrement volontaire d&rsquo;une adresse e-mail vous permettant de recevoir une de nos listes de diffusion (newsletter) ;<br \/>\n&#8211; Soit de la participation \u00e0 l&rsquo;un de nos services en ligne ;<br \/>\n&#8211; Soit d\u2019un courrier.<\/p>\n<p><em><strong>2- Que faisons-nous de ces donn\u00e9es ?<\/strong><\/em><br \/>\nLes informations que vous nous communiquez ne sont jamais confi\u00e9es \u00e0 des tiers. Selon les cas, les usages sont les suivants\u00a0:<br \/>\n&#8211; Si vous vous \u00eates abonn\u00e9(e) \u00e0 une ou plusieurs de nos listes de diffusion\u00a0: dans ce cas, votre adresse e-mail est strictement utilis\u00e9e pour l&rsquo;envoi de cette ou de ces listes et d&rsquo;annonces internes. Nous n&rsquo;utilisons jamais vos contacts en vue de l&rsquo;envoi de messages d&rsquo;\u00e9ventuels partenaires commerciaux. Par ailleurs, vous pouvez \u00e0 tout moment vous d\u00e9sabonner de chacune de nos listes de diffusion<\/p>\n<p>Conform\u00e9ment \u00e0 la loi Informatique et Libert\u00e9s en date du 6 janvier 1978, vous disposez par ailleurs d&rsquo;un droit d&rsquo;acc\u00e8s, de rectification, de modification et de suppression concernant les donn\u00e9es qui vous concernent.<\/p>\n","protected":false},"excerpt":{"rendered":"<p>Le site https:\/\/www.jeannebarret.fr est \u00e9dit\u00e9s par : Pacaud Gilles 7-9 chemin Jeanne Barret 71400 Autun (France) Gilles Pacaud est conservateur en chef honoraire des mus\u00e9es d\u2019histoire naturelle et des mus\u00e9es des \u00e9tablissements d\u2019enseignement sup\u00e9rieur. Le site https:\/\/www.jeannebarret.fr sont h\u00e9berg\u00e9s par SAS OVH, 2 rue Kellermann &#8211; 59100 Roubaix &#8211; France. Ce site respecte le droit [&hellip;]<\/p>\n","protected":false},"author":3,"featured_media":0,"parent":0,"menu_order":0,"comment_status":"open","ping_status":"open","template":"page-full.php","meta":{"footnotes":""},"class_list":["post-17","page","type-page","status-publish","hentry"],"aioseo_notices":[],"_links":{"self":[{"href":"https:\/\/www.jeannebarret.fr\/index.php?rest_route=\/wp\/v2\/pages\/17","targetHints":{"allow":["GET"]}}],"collection":[{"href":"https:\/\/www.jeannebarret.fr\/index.php?rest_route=\/wp\/v2\/pages"}],"about":[{"href":"https:\/\/www.jeannebarret.fr\/index.php?rest_route=\/wp\/v2\/types\/page"}],"author":[{"embeddable":true,"href":"https:\/\/www.jeannebarret.fr\/index.php?rest_route=\/wp\/v2\/users\/3"}],"replies":[{"embeddable":true,"href":"https:\/\/www.jeannebarret.fr\/index.php?rest_route=%2Fwp%2Fv2%2Fcomments&post=17"}],"version-history":[{"count":6,"href":"https:\/\/www.jeannebarret.fr\/index.php?rest_route=\/wp\/v2\/pages\/17\/revisions"}],"predecessor-version":[{"id":553,"href":"https:\/\/www.jeannebarret.fr\/index.php?rest_route=\/wp\/v2\/pages\/17\/revisions\/553"}],"wp:attachment":[{"href":"https:\/\/www.jeannebarret.fr\/index.php?rest_route=%2Fwp%2Fv2%2Fmedia&parent=17"}],"curies":[{"name":"wp","href":"https:\/\/api.w.org\/{rel}","templated":true}]}}